                                                                                                                                                                                                                                                                                                                                                                                                                                                                                                                                                                                                                                                                                                                                                                                                                                                                                                                                    {"id":7,"date":"2023-12-27T00:42:59","date_gmt":"2023-12-26T23:42:59","guid":{"rendered":"https:\/\/globalexperience.com.pe\/?page_id=7"},"modified":"2024-03-07T22:04:37","modified_gmt":"2024-03-07T21:04:37","slug":"home","status":"publish","type":"page","link":"https:\/\/globalexperience.com.pe\/","title":{"rendered":"HOME"},"content":{"rendered":"\t\t<div data-elementor-type=\"wp-page\" data-elementor-id=\"7\" class=\"elementor elementor-7\">\n\t\t\t\t\t\t\t<div class=\"elementor-element elementor-element-cc09a84 e-con-full e-flex e-con e-parent\" data-id=\"cc09a84\" data-element_type=\"container\" id=\"cnt_padre\" data-settings=\"{&quot;background_background&quot;:&quot;classic&quot;,&quot;content_width&quot;:&quot;full&quot;,&quot;_ha_eqh_enable&quot;:false}\" data-core-v316-plus=\"true\">\n\t\t\t\t<div class=\"elementor-element elementor-element-a72fe28 elementor-widget elementor-widget-html\" data-id=\"a72fe28\" data-element_type=\"widget\" data-widget_type=\"html.default\">\n\t\t\t\t<div class=\"elementor-widget-container\">\n\t\t\t<div class=\"container\" id=\"cntPlane\">\r\n  <div class=\"container-tem\" style=\"display: flex; justify-content: center;\">\r\n    <h1 id=\"text\">BIENVENIDO A   <span class=\"global_exp\">GLOBAL EXPERIENCE<\/span><\/h1>\r\n  <\/div>\r\n<\/div>\r\n\r\n<style>\r\n  .container {\r\n    position: fixed;\r\n    top: 0;\r\n    bottom: 0;\r\n    left: 0;\r\n    right: 0;\r\n    background: rgb(29,46,73);\r\n    background: linear-gradient(25deg, rgba(29,46,73,1) 0%, rgba(10,52,114,1) 67%);\r\n    z-index: 99;\r\n    overflow: hidden;\r\n    width: 100%;\r\n    min-height: 100vh; \/* ajusta la altura seg\u00fan sea necesario *\/\r\n    transition: opacity 1s ease-in-out; \/* Animaci\u00f3n de desaparici\u00f3n *\/\r\n  }\r\n\r\n\r\n  #text {\r\n    top: 40%;\r\n    font-family: \"Poppins\", Sans-serif;\r\n    font-size: 3.5rem;\r\n    text-align: center;\r\n    position: absolute;\r\n    color: white;\r\n    font-weight: 900;\r\n    opacity: 0; \/* el texto est\u00e1 oculto inicialmente *\/\r\n    transition: opacity 1s ease-in-out; \/* animaci\u00f3n de aparici\u00f3n *\/\r\n  }\r\n\r\n  .global_exp {\r\n    background-image: linear-gradient(97deg, #f8b94c 0%, #d28f34 60%);\r\n    -webkit-background-clip: text;\r\n    -webkit-text-fill-color: transparent;\r\n  }\r\n\r\n  #cont_general{\r\n      opacity: 0;\r\n  }\r\n<\/style>\r\n\r\n<script>\r\n  document.addEventListener(\"DOMContentLoaded\", function () {\r\n    var text = document.getElementById(\"text\");\r\n    var cntPlane = document.getElementById(\"cntPlane\");  \r\n    var cont_general = document.getElementById(\"cont_general\");\r\n    var cnt_padre = document.getElementById(\"cnt_padre\");\r\n    \/\/ Aparecer el texto despu\u00e9s de cierto tiempo\r\n    setTimeout(function () {\r\n      text.style.opacity = \"1\";\r\n\r\n      \/\/ Desaparecer cntPlane despu\u00e9s de cierto tiempo\r\n      setTimeout(function() {\r\n        cntPlane.style.display = \"none\";\r\n                  cnt_padre.style.display=\"none\";\r\n        setTimeout(function()\r\n        {\r\n            cont_general.style.transition = \"opacity 1s ease-in-out\"; \/\/ Establecer la transici\u00f3n\r\n          cont_general.style.opacity = \"1\"\r\n\r\n        })\r\n      }, 2000);\r\n    }, 500); \/\/ ajusta el retardo seg\u00fan sea necesario\r\n  });\r\n<\/script>\r\n\t\t<\/div>\n\t\t\t\t<\/div>\n\t\t\t\t<\/div>\n\t\t<div class=\"elementor-element elementor-element-df8e2a2 e-con-full e-flex e-con e-parent\" data-id=\"df8e2a2\" data-element_type=\"container\" id=\"cont_general\" data-settings=\"{&quot;background_background&quot;:&quot;classic&quot;,&quot;content_width&quot;:&quot;full&quot;,&quot;_ha_eqh_enable&quot;:false}\" data-core-v316-plus=\"true\">\n\t\t<div class=\"elementor-element elementor-element-0e3c778 b_filter_p e-flex e-con-boxed e-con e-child\" data-id=\"0e3c778\" data-element_type=\"container\" data-settings=\"{&quot;content_width&quot;:&quot;boxed&quot;,&quot;_ha_eqh_enable&quot;:false}\">\n\t\t\t\t\t<div class=\"e-con-inner\">\n\t\t<div class=\"elementor-element elementor-element-917a0eb e-flex e-con-boxed e-con e-child\" data-id=\"917a0eb\" data-element_type=\"container\" data-settings=\"{&quot;content_width&quot;:&quot;boxed&quot;,&quot;_ha_eqh_enable&quot;:false}\">\n\t\t\t\t\t<div class=\"e-con-inner\">\n\t\t\t\t<div class=\"elementor-element elementor-element-d39a820 elementor-widget elementor-widget-html\" data-id=\"d39a820\" data-element_type=\"widget\" data-widget_type=\"html.default\">\n\t\t\t\t<div class=\"elementor-widget-container\">\n\t\t\t<style>\nbody{\n    overflow: hidden;\n}\n    .b_filter_p\n    {\n            backdrop-filter: blur(0px);\n    }\n    .elementor-7 .elementor-element.elementor-element-01fc20d > .elementor-widget-container, .elementor-7 .elementor-element.elementor-element-da02631 > .elementor-widget-container{\n        margin:  0 !important;\n        padding: 0 !important;\n    }\n    .elementor-heading-title{\ncolor: #fff;\nfont-family: \"Poppins\", Sans-serif;\n    font-weight: 900;\n    text-transform: uppercase;\n    font-size: 3rem;\n    text-align: center;\n    margin-bottom: 1rem;\n       line-height: normal !important;\n    }\n    swiper-slide{\n        display: flex;\n        justify-content: center;\n        align-items: center;\n    }\n@media screen and (max-width: 720px) {\n    body{\n    overflow: auto;\n}\n    .elementor-heading-title{\n            color: #fff;\n    font-family: 'Montserrat';\n    font-weight: 900;\n    font-size: 2rem;\n    text-align: center;\n    margin-bottom: 0rem;\n \n    }\n}\n<\/style>\n <swiper-container class=\"mySwiper\"  space-between=\"30\"\n    centered-slides=\"true\" autoplay-delay=\"3000\" autoplay-disable-on-interaction=\"false\">\n              <swiper-slide><h3 class=\"elementor-heading-title elementor-size-default\">\u00bfQuieres vivir una <br> experiencia Global?<\/h3><\/swiper-slide>\n             <swiper-slide><h3 class=\"elementor-heading-title elementor-size-default\">\n            \u00a1Atr\u00e9vete a ir  m\u00e1s lejos!\n        <\/h3><\/swiper-slide>\n  <\/swiper-container>\n\n  <script src=\"https:\/\/cdn.jsdelivr.net\/npm\/swiper@11\/swiper-element-bundle.min.js\"><\/script>\t\t<\/div>\n\t\t\t\t<\/div>\n\t\t\t\t\t<\/div>\n\t\t\t\t<\/div>\n\t\t<div class=\"elementor-element elementor-element-5ad122e e-flex e-con-boxed e-con e-child\" data-id=\"5ad122e\" data-element_type=\"container\" data-settings=\"{&quot;background_background&quot;:&quot;classic&quot;,&quot;content_width&quot;:&quot;boxed&quot;,&quot;_ha_eqh_enable&quot;:false}\">\n\t\t\t\t\t<div class=\"e-con-inner\">\n\t\t<div class=\"elementor-element elementor-element-d538778 e-flex e-con-boxed e-con e-child\" data-id=\"d538778\" data-element_type=\"container\" data-settings=\"{&quot;content_width&quot;:&quot;boxed&quot;,&quot;_ha_eqh_enable&quot;:false}\">\n\t\t\t\t\t<div class=\"e-con-inner\">\n\t\t<div class=\"elementor-element elementor-element-3287148 e-flex e-con-boxed e-con e-child\" data-id=\"3287148\" data-element_type=\"container\" data-settings=\"{&quot;background_background&quot;:&quot;classic&quot;,&quot;content_width&quot;:&quot;boxed&quot;,&quot;_ha_eqh_enable&quot;:false}\">\n\t\t\t\t\t<div class=\"e-con-inner\">\n\t\t\t\t<div class=\"elementor-element elementor-element-996c3c6 elementor-widget elementor-widget-image\" data-id=\"996c3c6\" data-element_type=\"widget\" data-widget_type=\"image.default\">\n\t\t\t\t<div class=\"elementor-widget-container\">\n\t\t\t<style>\/*! elementor - v3.18.0 - 20-12-2023 *\/\n.elementor-widget-image{text-align:center}.elementor-widget-image a{display:inline-block}.elementor-widget-image a img[src$=\".svg\"]{width:48px}.elementor-widget-image img{vertical-align:middle;display:inline-block}<\/style>\t\t\t\t\t\t\t\t\t\t\t\t\t<a href=\"https:\/\/turismo.globalexperience.com.pe\/\">\n\t\t\t\t\t\t\t<img decoding=\"async\" src=\"https:\/\/globalexperience.com.pe\/wp-content\/uploads\/2024\/02\/turismo2.webp\" title=\"turismo2\" alt=\"turismo2\" loading=\"lazy\" \/>\t\t\t\t\t\t\t\t<\/a>\n\t\t\t\t\t\t\t\t\t\t\t\t\t\t\t<\/div>\n\t\t\t\t<\/div>\n\t\t\t\t<div data-ha-element-link=\"{&quot;url&quot;:&quot;https:\\\/\\\/turismo.globalexperience.com.pe\\\/&quot;,&quot;is_external&quot;:&quot;&quot;,&quot;nofollow&quot;:&quot;&quot;}\" style=\"cursor: pointer\" class=\"elementor-element elementor-element-1d064ee elementor-widget elementor-widget-text-editor\" data-id=\"1d064ee\" data-element_type=\"widget\" data-widget_type=\"text-editor.default\">\n\t\t\t\t<div class=\"elementor-widget-container\">\n\t\t\t<style>\/*! elementor - v3.18.0 - 20-12-2023 *\/\n.elementor-widget-text-editor.elementor-drop-cap-view-stacked .elementor-drop-cap{background-color:#69727d;color:#fff}.elementor-widget-text-editor.elementor-drop-cap-view-framed .elementor-drop-cap{color:#69727d;border:3px solid;background-color:transparent}.elementor-widget-text-editor:not(.elementor-drop-cap-view-default) .elementor-drop-cap{margin-top:8px}.elementor-widget-text-editor:not(.elementor-drop-cap-view-default) .elementor-drop-cap-letter{width:1em;height:1em}.elementor-widget-text-editor .elementor-drop-cap{float:left;text-align:center;line-height:1;font-size:50px}.elementor-widget-text-editor .elementor-drop-cap-letter{display:inline-block}<\/style>\t\t\t\t<p>Descubre destinos \u00fanicos, vive aventuras inolvidables y crea recuerdos que durar\u00e1n toda la vida. \u00bfListo para embarcarte en la aventura de tu vida?<\/p>\t\t\t\t\t\t<\/div>\n\t\t\t\t<\/div>\n\t\t<div class=\"elementor-element elementor-element-ec1348c e-flex e-con-boxed e-con e-child\" data-id=\"ec1348c\" data-element_type=\"container\" data-settings=\"{&quot;content_width&quot;:&quot;boxed&quot;,&quot;_ha_eqh_enable&quot;:false}\">\n\t\t\t\t\t<div class=\"e-con-inner\">\n\t\t\t\t<div class=\"elementor-element elementor-element-3a62e18 elementor-view-default elementor-widget elementor-widget-icon\" data-id=\"3a62e18\" data-element_type=\"widget\" data-widget_type=\"icon.default\">\n\t\t\t\t<div class=\"elementor-widget-container\">\n\t\t\t\t\t<div class=\"elementor-icon-wrapper\">\n\t\t\t<div class=\"elementor-icon\">\n\t\t\t<i aria-hidden=\"true\" class=\"hm hm-angle-down\"><\/i>\t\t\t<\/div>\n\t\t<\/div>\n\t\t\t\t<\/div>\n\t\t\t\t<\/div>\n\t\t\t\t<div class=\"elementor-element elementor-element-da02631 elementor-widget elementor-widget-heading\" data-id=\"da02631\" data-element_type=\"widget\" data-widget_type=\"heading.default\">\n\t\t\t\t<div class=\"elementor-widget-container\">\n\t\t\t<style>\/*! elementor - v3.18.0 - 20-12-2023 *\/\n.elementor-heading-title{padding:0;margin:0;line-height:1}.elementor-widget-heading .elementor-heading-title[class*=elementor-size-]>a{color:inherit;font-size:inherit;line-height:inherit}.elementor-widget-heading .elementor-heading-title.elementor-size-small{font-size:15px}.elementor-widget-heading .elementor-heading-title.elementor-size-medium{font-size:19px}.elementor-widget-heading .elementor-heading-title.elementor-size-large{font-size:29px}.elementor-widget-heading .elementor-heading-title.elementor-size-xl{font-size:39px}.elementor-widget-heading .elementor-heading-title.elementor-size-xxl{font-size:59px}<\/style><h6 class=\"elementor-heading-title elementor-size-default\">\u00a1Empieza ahora!<\/h6>\t\t<\/div>\n\t\t\t\t<\/div>\n\t\t\t\t<div class=\"elementor-element elementor-element-14ea379 elementor-view-default elementor-widget elementor-widget-icon\" data-id=\"14ea379\" data-element_type=\"widget\" data-widget_type=\"icon.default\">\n\t\t\t\t<div class=\"elementor-widget-container\">\n\t\t\t\t\t<div class=\"elementor-icon-wrapper\">\n\t\t\t<div class=\"elementor-icon\">\n\t\t\t<i aria-hidden=\"true\" class=\"hm hm-angle-down\"><\/i>\t\t\t<\/div>\n\t\t<\/div>\n\t\t\t\t<\/div>\n\t\t\t\t<\/div>\n\t\t\t\t\t<\/div>\n\t\t\t\t<\/div>\n\t\t\t\t<div class=\"elementor-element elementor-element-07c49b5 elementor-widget__width-inherit elementor-widget elementor-widget-ha-creative-button happy-addon ha-creative-button\" data-id=\"07c49b5\" data-element_type=\"widget\" data-settings=\"{&quot;ha_floating_fx&quot;:&quot;yes&quot;,&quot;ha_floating_fx_translate_toggle&quot;:&quot;yes&quot;,&quot;ha_floating_fx_translate_x&quot;:{&quot;unit&quot;:&quot;px&quot;,&quot;size&quot;:&quot;&quot;,&quot;sizes&quot;:{&quot;from&quot;:-5,&quot;to&quot;:9}},&quot;ha_floating_fx_translate_y&quot;:{&quot;unit&quot;:&quot;px&quot;,&quot;size&quot;:&quot;&quot;,&quot;sizes&quot;:{&quot;from&quot;:-6,&quot;to&quot;:8}},&quot;ha_floating_fx_translate_duration&quot;:{&quot;unit&quot;:&quot;px&quot;,&quot;size&quot;:1000,&quot;sizes&quot;:[]},&quot;ha_floating_fx_translate_delay&quot;:{&quot;unit&quot;:&quot;px&quot;,&quot;size&quot;:&quot;&quot;,&quot;sizes&quot;:[]}}\" data-widget_type=\"ha-creative-button.default\">\n\t\t\t\t<div class=\"elementor-widget-container\">\n\t\t\t\t\t<div data-magnetic=\"no\" class=\"ha-creative-btn-wrap\">\n\t\t\t<a class=\"ha-creative-btn ha-stl--symbolab ha-eft--back-out-right\" href=\"https:\/\/turismo.globalexperience.com.pe\/\" rel=\"nofollow\">\u00a1Conoce el Mundo!<i aria-hidden=\"true\" class=\"fas fa-plane-departure\"><\/i><\/a>\n\t\t<\/div>\t\t<\/div>\n\t\t\t\t<\/div>\n\t\t\t\t\t<\/div>\n\t\t\t\t<\/div>\n\t\t<div class=\"elementor-element elementor-element-e8d6f11 e-flex e-con-boxed e-con e-child\" data-id=\"e8d6f11\" data-element_type=\"container\" data-settings=\"{&quot;background_background&quot;:&quot;classic&quot;,&quot;content_width&quot;:&quot;boxed&quot;,&quot;_ha_eqh_enable&quot;:false}\">\n\t\t\t\t\t<div class=\"e-con-inner\">\n\t\t\t\t<div class=\"elementor-element elementor-element-47cfe7a elementor-widget elementor-widget-image\" data-id=\"47cfe7a\" data-element_type=\"widget\" data-widget_type=\"image.default\">\n\t\t\t\t<div class=\"elementor-widget-container\">\n\t\t\t\t\t\t\t\t\t\t\t\t\t\t\t\t<a href=\"https:\/\/globalstudies.globalexperience.com.pe\/\">\n\t\t\t\t\t\t\t<img decoding=\"async\" src=\"https:\/\/globalexperience.com.pe\/wp-content\/uploads\/2024\/02\/study.webp\" title=\"study\" alt=\"study\" loading=\"lazy\" \/>\t\t\t\t\t\t\t\t<\/a>\n\t\t\t\t\t\t\t\t\t\t\t\t\t\t\t<\/div>\n\t\t\t\t<\/div>\n\t\t\t\t<div data-ha-element-link=\"{&quot;url&quot;:&quot;https:\\\/\\\/estudiosenelexterior.globalexperience.com.pe\\\/&quot;,&quot;is_external&quot;:&quot;&quot;,&quot;nofollow&quot;:&quot;&quot;}\" style=\"cursor: pointer\" class=\"elementor-element elementor-element-e1c9f10 elementor-widget elementor-widget-text-editor\" data-id=\"e1c9f10\" data-element_type=\"widget\" data-widget_type=\"text-editor.default\">\n\t\t\t\t<div class=\"elementor-widget-container\">\n\t\t\t\t\t\t\t<p>Descubre nuevas culturas, perfecciona un nuevo idioma y sum\u00e9rgete en experiencias acad\u00e9micas \u00fanicas con nuestra agencia de estudios en el exterior\u00a0<\/p>\t\t\t\t\t\t<\/div>\n\t\t\t\t<\/div>\n\t\t<div class=\"elementor-element elementor-element-33f4e74 e-flex e-con-boxed e-con e-child\" data-id=\"33f4e74\" data-element_type=\"container\" data-settings=\"{&quot;content_width&quot;:&quot;boxed&quot;,&quot;_ha_eqh_enable&quot;:false}\">\n\t\t\t\t\t<div class=\"e-con-inner\">\n\t\t\t\t<div class=\"elementor-element elementor-element-58ad8b1 elementor-view-default elementor-widget elementor-widget-icon\" data-id=\"58ad8b1\" data-element_type=\"widget\" data-widget_type=\"icon.default\">\n\t\t\t\t<div class=\"elementor-widget-container\">\n\t\t\t\t\t<div class=\"elementor-icon-wrapper\">\n\t\t\t<div class=\"elementor-icon\">\n\t\t\t<i aria-hidden=\"true\" class=\"hm hm-angle-down\"><\/i>\t\t\t<\/div>\n\t\t<\/div>\n\t\t\t\t<\/div>\n\t\t\t\t<\/div>\n\t\t\t\t<div class=\"elementor-element elementor-element-01fc20d elementor-widget elementor-widget-heading\" data-id=\"01fc20d\" data-element_type=\"widget\" data-widget_type=\"heading.default\">\n\t\t\t\t<div class=\"elementor-widget-container\">\n\t\t\t<h6 class=\"elementor-heading-title elementor-size-default\">\u00a1Empieza ahora!<\/h6>\t\t<\/div>\n\t\t\t\t<\/div>\n\t\t\t\t<div class=\"elementor-element elementor-element-5e87960 elementor-view-default elementor-widget elementor-widget-icon\" data-id=\"5e87960\" data-element_type=\"widget\" data-widget_type=\"icon.default\">\n\t\t\t\t<div class=\"elementor-widget-container\">\n\t\t\t\t\t<div class=\"elementor-icon-wrapper\">\n\t\t\t<div class=\"elementor-icon\">\n\t\t\t<i aria-hidden=\"true\" class=\"hm hm-angle-down\"><\/i>\t\t\t<\/div>\n\t\t<\/div>\n\t\t\t\t<\/div>\n\t\t\t\t<\/div>\n\t\t\t\t\t<\/div>\n\t\t\t\t<\/div>\n\t\t\t\t<div class=\"elementor-element elementor-element-8066557 elementor-widget elementor-widget-ha-creative-button happy-addon ha-creative-button\" data-id=\"8066557\" data-element_type=\"widget\" data-settings=\"{&quot;ha_floating_fx&quot;:&quot;yes&quot;,&quot;ha_floating_fx_translate_toggle&quot;:&quot;yes&quot;,&quot;ha_floating_fx_translate_x&quot;:{&quot;unit&quot;:&quot;px&quot;,&quot;size&quot;:&quot;&quot;,&quot;sizes&quot;:{&quot;from&quot;:0,&quot;to&quot;:12}},&quot;ha_floating_fx_translate_y&quot;:{&quot;unit&quot;:&quot;px&quot;,&quot;size&quot;:&quot;&quot;,&quot;sizes&quot;:{&quot;from&quot;:-6,&quot;to&quot;:5}},&quot;ha_floating_fx_translate_duration&quot;:{&quot;unit&quot;:&quot;px&quot;,&quot;size&quot;:1000,&quot;sizes&quot;:[]},&quot;ha_floating_fx_translate_delay&quot;:{&quot;unit&quot;:&quot;px&quot;,&quot;size&quot;:&quot;&quot;,&quot;sizes&quot;:[]}}\" data-widget_type=\"ha-creative-button.default\">\n\t\t\t\t<div class=\"elementor-widget-container\">\n\t\t\t\t\t<div data-magnetic=\"no\" class=\"ha-creative-btn-wrap\">\n\t\t\t<a class=\"ha-creative-btn ha-stl--symbolab ha-eft--back-in-right\" href=\"http:\/\/globalstudies.globalexperience.com.pe\/\" rel=\"nofollow\">\u00a1Estudia en el extranjero!<i aria-hidden=\"true\" class=\"fas fa-plane-departure\"><\/i><\/a>\n\t\t<\/div>\t\t<\/div>\n\t\t\t\t<\/div>\n\t\t\t\t\t<\/div>\n\t\t\t\t<\/div>\n\t\t\t\t\t<\/div>\n\t\t\t\t<\/div>\n\t\t\t\t\t<\/div>\n\t\t\t\t<\/div>\n\t\t\t\t\t<\/div>\n\t\t\t\t<\/div>\n\t\t\t\t<\/div>\n\t\t\t\t\t\t\t<\/div>\n\t\t","protected":false},"excerpt":{"rendered":"<p>BIENVENIDO A GLOBAL EXPERIENCE \u00bfQuieres vivir una experiencia Global? \u00a1Atr\u00e9vete a ir m\u00e1s lejos! Descubre destinos \u00fanicos, vive aventuras inolvidables y crea recuerdos que durar\u00e1n toda la vida. \u00bfListo para embarcarte en la aventura de tu vida? \u00a1Empieza ahora! \u00a1Conoce el Mundo! Descubre nuevas culturas, perfecciona un nuevo idioma y sum\u00e9rgete en experiencias acad\u00e9micas \u00fanicas [&hellip;]<\/p>\n","protected":false},"author":1,"featured_media":0,"parent":0,"menu_order":0,"comment_status":"closed","ping_status":"closed","template":"elementor_canvas","meta":{"footnotes":""},"_links":{"self":[{"href":"https:\/\/globalexperience.com.pe\/index.php?rest_route=\/wp\/v2\/pages\/7"}],"collection":[{"href":"https:\/\/globalexperience.com.pe\/index.php?rest_route=\/wp\/v2\/pages"}],"about":[{"href":"https:\/\/globalexperience.com.pe\/index.php?rest_route=\/wp\/v2\/types\/page"}],"author":[{"embeddable":true,"href":"https:\/\/globalexperience.com.pe\/index.php?rest_route=\/wp\/v2\/users\/1"}],"replies":[{"embeddable":true,"href":"https:\/\/globalexperience.com.pe\/index.php?rest_route=%2Fwp%2Fv2%2Fcomments&post=7"}],"version-history":[{"count":446,"href":"https:\/\/globalexperience.com.pe\/index.php?rest_route=\/wp\/v2\/pages\/7\/revisions"}],"predecessor-version":[{"id":484,"href":"https:\/\/globalexperience.com.pe\/index.php?rest_route=\/wp\/v2\/pages\/7\/revisions\/484"}],"wp:attachment":[{"href":"https:\/\/globalexperience.com.pe\/index.php?rest_route=%2Fwp%2Fv2%2Fmedia&parent=7"}],"curies":[{"name":"wp","href":"https:\/\/api.w.org\/{rel}","templated":true}]}}